{"id":55,"date":"2019-05-18T01:47:58","date_gmt":"2019-05-18T01:47:58","guid":{"rendered":"http:\/\/7oroof.com\/tfdemos\/lamba\/?page_id=55"},"modified":"2020-10-23T07:42:55","modified_gmt":"2020-10-23T07:42:55","slug":"materjalid","status":"publish","type":"page","link":"https:\/\/tekker.eu\/et\/materjalid\/","title":{"rendered":"Materjalid"},"content":{"rendered":"<div class=\"wpb-content-wrapper\"><p>[vc_row full_width=&#8221;stretch_row&#8221; cms_row_overflow=&#8221;row-overflow-unset&#8221; css=&#8221;.vc_custom_1603438967587{margin-top: 0px !important;padding-top: 100px !important;padding-bottom: 100px !important;background-image: url(http:\/\/tekker.eu\/wp-content\/uploads\/2020\/10\/taust_02.jpg?id=3294) !important;}&#8221;][vc_column width=&#8221;1\/2&#8243;][cms_heading cms_template=&#8221;cms_heading&#8211;layout2.php&#8221; subtitle=&#8221;Oma ala ekspert&#8221; text=&#8221;Tekker m\u00fc\u00fcb materjale<br \/>\nkipsseinte ja ripplagede t\u00f6\u00f6deks&#8221;][vc_empty_space][vc_column_text]Meie valikus on materjale nii kipsseinte kui ka ripplagede t\u00f6\u00f6deks. Pakume vaid kvaliteetseid ja serfitseeritud materjale. Meie valikuga tutvumiseks kirjutage v\u00f5i helistage ja aitame teie projektile leida parima lahenduse.[\/vc_column_text][\/vc_column][vc_column width=&#8221;1\/2&#8243;][\/vc_column][\/vc_row]<\/p>\n<\/div>","protected":false},"excerpt":{"rendered":"<p>[vc_row full_width=&#8221;stretch_row&#8221; cms_row_overflow=&#8221;row-overflow-unset&#8221; css=&#8221;.vc_custom_1603438967587{margin-top: 0px !important;padding-top: 100px !important;padding-bottom: 100px !important;background-image: url(http:\/\/tekker.eu\/wp-content\/uploads\/2020\/10\/taust_02.jpg?id=3294) !important;}&#8221;][vc_column width=&#8221;1\/2&#8243;][cms_heading cms_template=&#8221;cms_heading&#8211;layout2.php&#8221; subtitle=&#8221;Oma ala ekspert&#8221; text=&#8221;Tekker m\u00fc\u00fcb materjale kipsseinte ja ripplagede t\u00f6\u00f6deks&#8221;][vc_empty_space][vc_column_text]Meie valikus on materjale nii kipsseinte kui ka ripplagede t\u00f6\u00f6deks. Pakume vaid kvaliteetseid ja serfitseeritud materjale. Meie valikuga tutvumiseks kirjutage v\u00f5i helistage ja aitame teie projektile leida parima lahenduse.[\/vc_column_text][\/vc_column][vc_column width=&#8221;1\/2&#8243;][\/vc_column][\/vc_row]<\/p>\n","protected":false},"author":3,"featured_media":0,"parent":0,"menu_order":0,"comment_status":"closed","ping_status":"closed","template":"","meta":{"_acf_changed":false,"footnotes":""},"class_list":["post-55","page","type-page","status-publish","hentry"],"acf":[],"yoast_head":"<!-- This site is optimized with the Yoast SEO plugin v27.5 - https:\/\/yoast.com\/product\/yoast-seo-wordpress\/ -->\n<title>Materjalid - Tekker<\/title>\n<meta name=\"robots\" content=\"index, follow, max-snippet:-1, max-image-preview:large, max-video-preview:-1\" \/>\n<link rel=\"canonical\" href=\"https:\/\/tekker.eu\/et\/materjalid\/\" \/>\n<meta property=\"og:locale\" content=\"et_EE\" \/>\n<meta property=\"og:type\" content=\"article\" \/>\n<meta property=\"og:title\" content=\"Materjalid - Tekker\" \/>\n<meta property=\"og:description\" content=\"[vc_row full_width=&#8221;stretch_row&#8221; cms_row_overflow=&#8221;row-overflow-unset&#8221; css=&#8221;.vc_custom_1603438967587{margin-top: 0px !important;padding-top: 100px !important;padding-bottom: 100px !important;background-image: url(http:\/\/tekker.eu\/wp-content\/uploads\/2020\/10\/taust_02.jpg?id=3294) !important;}&#8221;][vc_column width=&#8221;1\/2&#8243;][cms_heading cms_template=&#8221;cms_heading&#8211;layout2.php&#8221; subtitle=&#8221;Oma ala ekspert&#8221; text=&#8221;Tekker m\u00fc\u00fcb materjale kipsseinte ja ripplagede t\u00f6\u00f6deks&#8221;][vc_empty_space][vc_column_text]Meie valikus on materjale nii kipsseinte kui ka ripplagede t\u00f6\u00f6deks. Pakume vaid kvaliteetseid ja serfitseeritud materjale. Meie valikuga tutvumiseks kirjutage v\u00f5i helistage ja aitame teie projektile leida parima lahenduse.[\/vc_column_text][\/vc_column][vc_column width=&#8221;1\/2&#8243;][\/vc_column][\/vc_row]\" \/>\n<meta property=\"og:url\" content=\"https:\/\/tekker.eu\/et\/materjalid\/\" \/>\n<meta property=\"og:site_name\" content=\"Tekker\" \/>\n<meta property=\"article:modified_time\" content=\"2020-10-23T07:42:55+00:00\" \/>\n<meta name=\"twitter:card\" content=\"summary_large_image\" \/>\n<meta name=\"twitter:label1\" content=\"Est. reading time\" \/>\n\t<meta name=\"twitter:data1\" content=\"1 minut\" \/>\n<script type=\"application\/ld+json\" class=\"yoast-schema-graph\">{\"@context\":\"https:\\\/\\\/schema.org\",\"@graph\":[{\"@type\":\"WebPage\",\"@id\":\"https:\\\/\\\/tekker.eu\\\/et\\\/materjalid\\\/\",\"url\":\"https:\\\/\\\/tekker.eu\\\/et\\\/materjalid\\\/\",\"name\":\"Materjalid - Tekker\",\"isPartOf\":{\"@id\":\"https:\\\/\\\/tekker.eu\\\/#website\"},\"datePublished\":\"2019-05-18T01:47:58+00:00\",\"dateModified\":\"2020-10-23T07:42:55+00:00\",\"breadcrumb\":{\"@id\":\"https:\\\/\\\/tekker.eu\\\/et\\\/materjalid\\\/#breadcrumb\"},\"inLanguage\":\"et\",\"potentialAction\":[{\"@type\":\"ReadAction\",\"target\":[\"https:\\\/\\\/tekker.eu\\\/et\\\/materjalid\\\/\"]}]},{\"@type\":\"BreadcrumbList\",\"@id\":\"https:\\\/\\\/tekker.eu\\\/et\\\/materjalid\\\/#breadcrumb\",\"itemListElement\":[{\"@type\":\"ListItem\",\"position\":1,\"name\":\"Home\",\"item\":\"https:\\\/\\\/tekker.eu\\\/et\\\/\"},{\"@type\":\"ListItem\",\"position\":2,\"name\":\"Materjalid\"}]},{\"@type\":\"WebSite\",\"@id\":\"https:\\\/\\\/tekker.eu\\\/#website\",\"url\":\"https:\\\/\\\/tekker.eu\\\/\",\"name\":\"Tekker\",\"description\":\"Just another WordPress site\",\"potentialAction\":[{\"@type\":\"SearchAction\",\"target\":{\"@type\":\"EntryPoint\",\"urlTemplate\":\"https:\\\/\\\/tekker.eu\\\/?s={search_term_string}\"},\"query-input\":{\"@type\":\"PropertyValueSpecification\",\"valueRequired\":true,\"valueName\":\"search_term_string\"}}],\"inLanguage\":\"et\"}]}<\/script>\n<!-- \/ Yoast SEO plugin. -->","yoast_head_json":{"title":"Materjalid - Tekker","robots":{"index":"index","follow":"follow","max-snippet":"max-snippet:-1","max-image-preview":"max-image-preview:large","max-video-preview":"max-video-preview:-1"},"canonical":"https:\/\/tekker.eu\/et\/materjalid\/","og_locale":"et_EE","og_type":"article","og_title":"Materjalid - Tekker","og_description":"[vc_row full_width=&#8221;stretch_row&#8221; cms_row_overflow=&#8221;row-overflow-unset&#8221; css=&#8221;.vc_custom_1603438967587{margin-top: 0px !important;padding-top: 100px !important;padding-bottom: 100px !important;background-image: url(http:\/\/tekker.eu\/wp-content\/uploads\/2020\/10\/taust_02.jpg?id=3294) !important;}&#8221;][vc_column width=&#8221;1\/2&#8243;][cms_heading cms_template=&#8221;cms_heading&#8211;layout2.php&#8221; subtitle=&#8221;Oma ala ekspert&#8221; text=&#8221;Tekker m\u00fc\u00fcb materjale kipsseinte ja ripplagede t\u00f6\u00f6deks&#8221;][vc_empty_space][vc_column_text]Meie valikus on materjale nii kipsseinte kui ka ripplagede t\u00f6\u00f6deks. Pakume vaid kvaliteetseid ja serfitseeritud materjale. Meie valikuga tutvumiseks kirjutage v\u00f5i helistage ja aitame teie projektile leida parima lahenduse.[\/vc_column_text][\/vc_column][vc_column width=&#8221;1\/2&#8243;][\/vc_column][\/vc_row]","og_url":"https:\/\/tekker.eu\/et\/materjalid\/","og_site_name":"Tekker","article_modified_time":"2020-10-23T07:42:55+00:00","twitter_card":"summary_large_image","twitter_misc":{"Est. reading time":"1 minut"},"schema":{"@context":"https:\/\/schema.org","@graph":[{"@type":"WebPage","@id":"https:\/\/tekker.eu\/et\/materjalid\/","url":"https:\/\/tekker.eu\/et\/materjalid\/","name":"Materjalid - Tekker","isPartOf":{"@id":"https:\/\/tekker.eu\/#website"},"datePublished":"2019-05-18T01:47:58+00:00","dateModified":"2020-10-23T07:42:55+00:00","breadcrumb":{"@id":"https:\/\/tekker.eu\/et\/materjalid\/#breadcrumb"},"inLanguage":"et","potentialAction":[{"@type":"ReadAction","target":["https:\/\/tekker.eu\/et\/materjalid\/"]}]},{"@type":"BreadcrumbList","@id":"https:\/\/tekker.eu\/et\/materjalid\/#breadcrumb","itemListElement":[{"@type":"ListItem","position":1,"name":"Home","item":"https:\/\/tekker.eu\/et\/"},{"@type":"ListItem","position":2,"name":"Materjalid"}]},{"@type":"WebSite","@id":"https:\/\/tekker.eu\/#website","url":"https:\/\/tekker.eu\/","name":"Tekker","description":"Just another WordPress site","potentialAction":[{"@type":"SearchAction","target":{"@type":"EntryPoint","urlTemplate":"https:\/\/tekker.eu\/?s={search_term_string}"},"query-input":{"@type":"PropertyValueSpecification","valueRequired":true,"valueName":"search_term_string"}}],"inLanguage":"et"}]}},"_links":{"self":[{"href":"https:\/\/tekker.eu\/et\/wp-json\/wp\/v2\/pages\/55","targetHints":{"allow":["GET"]}}],"collection":[{"href":"https:\/\/tekker.eu\/et\/wp-json\/wp\/v2\/pages"}],"about":[{"href":"https:\/\/tekker.eu\/et\/wp-json\/wp\/v2\/types\/page"}],"author":[{"embeddable":true,"href":"https:\/\/tekker.eu\/et\/wp-json\/wp\/v2\/users\/3"}],"replies":[{"embeddable":true,"href":"https:\/\/tekker.eu\/et\/wp-json\/wp\/v2\/comments?post=55"}],"version-history":[{"count":5,"href":"https:\/\/tekker.eu\/et\/wp-json\/wp\/v2\/pages\/55\/revisions"}],"predecessor-version":[{"id":3297,"href":"https:\/\/tekker.eu\/et\/wp-json\/wp\/v2\/pages\/55\/revisions\/3297"}],"wp:attachment":[{"href":"https:\/\/tekker.eu\/et\/wp-json\/wp\/v2\/media?parent=55"}],"curies":[{"name":"wp","href":"https:\/\/api.w.org\/{rel}","templated":true}]}}