{"id":63,"date":"2019-05-18T01:51:55","date_gmt":"2019-05-18T01:51:55","guid":{"rendered":"http:\/\/7oroof.com\/tfdemos\/lamba\/?page_id=63"},"modified":"2020-10-25T13:27:18","modified_gmt":"2020-10-25T13:27:18","slug":"kontakt","status":"publish","type":"page","link":"https:\/\/tekker.eu\/et\/kontakt\/","title":{"rendered":"Kontakt"},"content":{"rendered":"<div class=\"wpb-content-wrapper\"><p>[vc_row][vc_column][cms_space space_md=&#8221;15&#8243; space_sm=&#8221;15&#8243; space_xs=&#8221;15&#8243;][\/vc_column][\/vc_row][vc_row full_width=&#8221;stretch_row_content_no_spaces&#8221;][vc_column][vc_single_image image=&#8221;3291&#8243; img_size=&#8221;full&#8221; alignment=&#8221;center&#8221; css=&#8221;.vc_custom_1603437691321{background-image: url(http:\/\/tekker.eu\/wp-content\/uploads\/2020\/10\/Tekker_kontakt-scaled.jpg?id=3287) !important;}&#8221;][vc_empty_space height=&#8221;35px&#8221;][\/vc_column][\/vc_row][vc_row cms_row_overflow=&#8221;row-overflow-unset&#8221;][vc_column css_animation=&#8221;fadeIn&#8221; width=&#8221;1\/2&#8243; css=&#8221;.vc_custom_1561350980040{margin-top: 12px !important;padding-right: 35px !important;}&#8221;][cms_heading cms_template=&#8221;cms_heading&#8211;layout2.php&#8221; subtitle=&#8221;Leiame koos sinu projekti jaoks sobiva lahenduse&#8221; text=&#8221;V\u00f5ta meiega \u00fchendust&#8221;][vc_column_text css=&#8221;.vc_custom_1603436690029{margin-top: 26px !important;margin-bottom: 27px !important;}&#8221;]T\u00e4nap\u00e4eval teadvustatakse \u00fcha enam ruumi kvaliteedi olulisust, sest see m\u00f5jutab otseselt meie heaolu ja t\u00f6\u00f6viljakust. Tekker soovib pakkuda oma t\u00f6\u00f6ga iga projekti jaoks parima lahenduse.[\/vc_column_text][\/vc_column][vc_column width=&#8221;1\/2&#8243; css=&#8221;.vc_custom_1561350884389{padding-left: 35px !important;}&#8221;][cms_space space_lg=&#8221;17&#8243; space_md=&#8221;17&#8243; space_sm=&#8221;17&#8243; space_xs=&#8221;17&#8243;][cms_contact_form id=&#8221;1089&#8243; title_icon=&#8221;1039&#8243; title=&#8221;fdsafdaf&#8221;][\/vc_column][\/vc_row]<\/p>\n<\/div>","protected":false},"excerpt":{"rendered":"<p>[vc_row][vc_column][cms_space space_md=&#8221;15&#8243; space_sm=&#8221;15&#8243; space_xs=&#8221;15&#8243;][\/vc_column][\/vc_row][vc_row full_width=&#8221;stretch_row_content_no_spaces&#8221;][vc_column][vc_single_image image=&#8221;3291&#8243; img_size=&#8221;full&#8221; alignment=&#8221;center&#8221; css=&#8221;.vc_custom_1603437691321{background-image: url(http:\/\/tekker.eu\/wp-content\/uploads\/2020\/10\/Tekker_kontakt-scaled.jpg?id=3287) !important;}&#8221;][vc_empty_space height=&#8221;35px&#8221;][\/vc_column][\/vc_row][vc_row cms_row_overflow=&#8221;row-overflow-unset&#8221;][vc_column css_animation=&#8221;fadeIn&#8221; width=&#8221;1\/2&#8243; css=&#8221;.vc_custom_1561350980040{margin-top: 12px !important;padding-right: 35px !important;}&#8221;][cms_heading cms_template=&#8221;cms_heading&#8211;layout2.php&#8221; subtitle=&#8221;Leiame koos sinu projekti jaoks sobiva lahenduse&#8221; text=&#8221;V\u00f5ta meiega \u00fchendust&#8221;][vc_column_text css=&#8221;.vc_custom_1603436690029{margin-top: 26px !important;margin-bottom: 27px !important;}&#8221;]T\u00e4nap\u00e4eval teadvustatakse \u00fcha enam ruumi kvaliteedi olulisust, sest see m\u00f5jutab otseselt meie heaolu ja t\u00f6\u00f6viljakust. Tekker soovib pakkuda oma t\u00f6\u00f6ga [&hellip;]<\/p>\n","protected":false},"author":3,"featured_media":0,"parent":0,"menu_order":0,"comment_status":"closed","ping_status":"closed","template":"","meta":{"_acf_changed":false,"footnotes":""},"class_list":["post-63","page","type-page","status-publish","hentry"],"acf":[],"yoast_head":"<!-- This site is optimized with the Yoast SEO plugin v27.4 - https:\/\/yoast.com\/product\/yoast-seo-wordpress\/ -->\n<title>Kontakt - Tekker<\/title>\n<meta name=\"robots\" content=\"index, follow, max-snippet:-1, max-image-preview:large, max-video-preview:-1\" \/>\n<link rel=\"canonical\" href=\"https:\/\/tekker.eu\/yhteystiedot\/\" \/>\n<meta property=\"og:locale\" content=\"et_EE\" \/>\n<meta property=\"og:type\" content=\"article\" \/>\n<meta property=\"og:title\" content=\"Kontakt - Tekker\" \/>\n<meta property=\"og:description\" content=\"[vc_row][vc_column][cms_space space_md=&#8221;15&#8243; space_sm=&#8221;15&#8243; space_xs=&#8221;15&#8243;][\/vc_column][\/vc_row][vc_row full_width=&#8221;stretch_row_content_no_spaces&#8221;][vc_column][vc_single_image image=&#8221;3291&#8243; img_size=&#8221;full&#8221; alignment=&#8221;center&#8221; css=&#8221;.vc_custom_1603437691321{background-image: url(http:\/\/tekker.eu\/wp-content\/uploads\/2020\/10\/Tekker_kontakt-scaled.jpg?id=3287) !important;}&#8221;][vc_empty_space height=&#8221;35px&#8221;][\/vc_column][\/vc_row][vc_row cms_row_overflow=&#8221;row-overflow-unset&#8221;][vc_column css_animation=&#8221;fadeIn&#8221; width=&#8221;1\/2&#8243; css=&#8221;.vc_custom_1561350980040{margin-top: 12px !important;padding-right: 35px !important;}&#8221;][cms_heading cms_template=&#8221;cms_heading&#8211;layout2.php&#8221; subtitle=&#8221;Leiame koos sinu projekti jaoks sobiva lahenduse&#8221; text=&#8221;V\u00f5ta meiega \u00fchendust&#8221;][vc_column_text css=&#8221;.vc_custom_1603436690029{margin-top: 26px !important;margin-bottom: 27px !important;}&#8221;]T\u00e4nap\u00e4eval teadvustatakse \u00fcha enam ruumi kvaliteedi olulisust, sest see m\u00f5jutab otseselt meie heaolu ja t\u00f6\u00f6viljakust. Tekker soovib pakkuda oma t\u00f6\u00f6ga [&hellip;]\" \/>\n<meta property=\"og:url\" content=\"https:\/\/tekker.eu\/yhteystiedot\/\" \/>\n<meta property=\"og:site_name\" content=\"Tekker\" \/>\n<meta property=\"article:modified_time\" content=\"2020-10-25T13:27:18+00:00\" \/>\n<meta name=\"twitter:card\" content=\"summary_large_image\" \/>\n<meta name=\"twitter:label1\" content=\"Est. reading time\" \/>\n\t<meta name=\"twitter:data1\" content=\"1 minut\" \/>\n<script type=\"application\/ld+json\" class=\"yoast-schema-graph\">{\"@context\":\"https:\\\/\\\/schema.org\",\"@graph\":[{\"@type\":\"WebPage\",\"@id\":\"https:\\\/\\\/tekker.eu\\\/yhteystiedot\\\/\",\"url\":\"https:\\\/\\\/tekker.eu\\\/yhteystiedot\\\/\",\"name\":\"Kontakt - Tekker\",\"isPartOf\":{\"@id\":\"https:\\\/\\\/tekker.eu\\\/et\\\/#website\"},\"datePublished\":\"2019-05-18T01:51:55+00:00\",\"dateModified\":\"2020-10-25T13:27:18+00:00\",\"breadcrumb\":{\"@id\":\"https:\\\/\\\/tekker.eu\\\/yhteystiedot\\\/#breadcrumb\"},\"inLanguage\":\"et\",\"potentialAction\":[{\"@type\":\"ReadAction\",\"target\":[\"https:\\\/\\\/tekker.eu\\\/yhteystiedot\\\/\"]}]},{\"@type\":\"BreadcrumbList\",\"@id\":\"https:\\\/\\\/tekker.eu\\\/yhteystiedot\\\/#breadcrumb\",\"itemListElement\":[{\"@type\":\"ListItem\",\"position\":1,\"name\":\"Home\",\"item\":\"https:\\\/\\\/tekker.eu\\\/et\\\/\"},{\"@type\":\"ListItem\",\"position\":2,\"name\":\"Kontakt\"}]},{\"@type\":\"WebSite\",\"@id\":\"https:\\\/\\\/tekker.eu\\\/et\\\/#website\",\"url\":\"https:\\\/\\\/tekker.eu\\\/et\\\/\",\"name\":\"Tekker\",\"description\":\"Just another WordPress site\",\"potentialAction\":[{\"@type\":\"SearchAction\",\"target\":{\"@type\":\"EntryPoint\",\"urlTemplate\":\"https:\\\/\\\/tekker.eu\\\/et\\\/?s={search_term_string}\"},\"query-input\":{\"@type\":\"PropertyValueSpecification\",\"valueRequired\":true,\"valueName\":\"search_term_string\"}}],\"inLanguage\":\"et\"}]}<\/script>\n<!-- \/ Yoast SEO plugin. -->","yoast_head_json":{"title":"Kontakt - Tekker","robots":{"index":"index","follow":"follow","max-snippet":"max-snippet:-1","max-image-preview":"max-image-preview:large","max-video-preview":"max-video-preview:-1"},"canonical":"https:\/\/tekker.eu\/yhteystiedot\/","og_locale":"et_EE","og_type":"article","og_title":"Kontakt - Tekker","og_description":"[vc_row][vc_column][cms_space space_md=&#8221;15&#8243; space_sm=&#8221;15&#8243; space_xs=&#8221;15&#8243;][\/vc_column][\/vc_row][vc_row full_width=&#8221;stretch_row_content_no_spaces&#8221;][vc_column][vc_single_image image=&#8221;3291&#8243; img_size=&#8221;full&#8221; alignment=&#8221;center&#8221; css=&#8221;.vc_custom_1603437691321{background-image: url(http:\/\/tekker.eu\/wp-content\/uploads\/2020\/10\/Tekker_kontakt-scaled.jpg?id=3287) !important;}&#8221;][vc_empty_space height=&#8221;35px&#8221;][\/vc_column][\/vc_row][vc_row cms_row_overflow=&#8221;row-overflow-unset&#8221;][vc_column css_animation=&#8221;fadeIn&#8221; width=&#8221;1\/2&#8243; css=&#8221;.vc_custom_1561350980040{margin-top: 12px !important;padding-right: 35px !important;}&#8221;][cms_heading cms_template=&#8221;cms_heading&#8211;layout2.php&#8221; subtitle=&#8221;Leiame koos sinu projekti jaoks sobiva lahenduse&#8221; text=&#8221;V\u00f5ta meiega \u00fchendust&#8221;][vc_column_text css=&#8221;.vc_custom_1603436690029{margin-top: 26px !important;margin-bottom: 27px !important;}&#8221;]T\u00e4nap\u00e4eval teadvustatakse \u00fcha enam ruumi kvaliteedi olulisust, sest see m\u00f5jutab otseselt meie heaolu ja t\u00f6\u00f6viljakust. Tekker soovib pakkuda oma t\u00f6\u00f6ga [&hellip;]","og_url":"https:\/\/tekker.eu\/yhteystiedot\/","og_site_name":"Tekker","article_modified_time":"2020-10-25T13:27:18+00:00","twitter_card":"summary_large_image","twitter_misc":{"Est. reading time":"1 minut"},"schema":{"@context":"https:\/\/schema.org","@graph":[{"@type":"WebPage","@id":"https:\/\/tekker.eu\/yhteystiedot\/","url":"https:\/\/tekker.eu\/yhteystiedot\/","name":"Kontakt - Tekker","isPartOf":{"@id":"https:\/\/tekker.eu\/et\/#website"},"datePublished":"2019-05-18T01:51:55+00:00","dateModified":"2020-10-25T13:27:18+00:00","breadcrumb":{"@id":"https:\/\/tekker.eu\/yhteystiedot\/#breadcrumb"},"inLanguage":"et","potentialAction":[{"@type":"ReadAction","target":["https:\/\/tekker.eu\/yhteystiedot\/"]}]},{"@type":"BreadcrumbList","@id":"https:\/\/tekker.eu\/yhteystiedot\/#breadcrumb","itemListElement":[{"@type":"ListItem","position":1,"name":"Home","item":"https:\/\/tekker.eu\/et\/"},{"@type":"ListItem","position":2,"name":"Kontakt"}]},{"@type":"WebSite","@id":"https:\/\/tekker.eu\/et\/#website","url":"https:\/\/tekker.eu\/et\/","name":"Tekker","description":"Just another WordPress site","potentialAction":[{"@type":"SearchAction","target":{"@type":"EntryPoint","urlTemplate":"https:\/\/tekker.eu\/et\/?s={search_term_string}"},"query-input":{"@type":"PropertyValueSpecification","valueRequired":true,"valueName":"search_term_string"}}],"inLanguage":"et"}]}},"_links":{"self":[{"href":"https:\/\/tekker.eu\/et\/wp-json\/wp\/v2\/pages\/63","targetHints":{"allow":["GET"]}}],"collection":[{"href":"https:\/\/tekker.eu\/et\/wp-json\/wp\/v2\/pages"}],"about":[{"href":"https:\/\/tekker.eu\/et\/wp-json\/wp\/v2\/types\/page"}],"author":[{"embeddable":true,"href":"https:\/\/tekker.eu\/et\/wp-json\/wp\/v2\/users\/3"}],"replies":[{"embeddable":true,"href":"https:\/\/tekker.eu\/et\/wp-json\/wp\/v2\/comments?post=63"}],"version-history":[{"count":5,"href":"https:\/\/tekker.eu\/et\/wp-json\/wp\/v2\/pages\/63\/revisions"}],"predecessor-version":[{"id":3453,"href":"https:\/\/tekker.eu\/et\/wp-json\/wp\/v2\/pages\/63\/revisions\/3453"}],"wp:attachment":[{"href":"https:\/\/tekker.eu\/et\/wp-json\/wp\/v2\/media?parent=63"}],"curies":[{"name":"wp","href":"https:\/\/api.w.org\/{rel}","templated":true}]}}